{"id":108,"date":"2019-02-05T19:51:00","date_gmt":"2019-02-05T19:51:00","guid":{"rendered":"http:\/\/ssm-beromuenster.ch\/wordpress\/?page_id=108"},"modified":"2024-11-10T20:50:06","modified_gmt":"2024-11-10T19:50:06","slug":"schiess-sportverein-michelsamt","status":"publish","type":"page","link":"https:\/\/ssm-beromuenster.ch\/wordpress\/?page_id=108","title":{"rendered":"Schiess-Sportverein Michelsamt"},"content":{"rendered":"\r\n<p><strong>Im Oberstufenschulhaus III in Berom\u00fcnster befindet sich die 10 m Druckluftschiessanlage mit acht elektronischen Scheiben.<\/strong><\/p>\r\n<p>&nbsp;<\/p>\r\n\r\n\r\n\r\n<p><strong>Was heisst Druckluftschiessanlage<\/strong><\/p>\r\n\r\n\r\n\r\n<p>Im Gegensatz zu den bekannten Sportger\u00e4ten auf 25\/50 und 300 m wird auf die Distanz 10 m mit Druckluft geschossen. Sowohl Pistole als auch Gewehr verf\u00fcgen \u00fcber eine Kartusche, welche mit rund 200 bar Luft gef\u00fcllt wird. Munition, man nennt diese Diabolo, werden also mit Druckluft auf die 10 m entfernte Scheibe katapultiert. Es handelt sich um hochpr\u00e4zise Sportger\u00e4te, Fehlsch\u00fcsse sind immer die Schuld des Sch\u00fctzen. Die Scheibe wird elektrisch vor- und zur\u00fcckgefahren. \u00a0<\/p>\r\n\r\n\r\n\r\n<p>&nbsp;<\/p>\r\n<p><strong>Wem geh\u00f6rt die Anlage<\/strong><\/p>\r\n\r\n\r\n\r\n<p>Der Kredit f\u00fcr die Betonh\u00fclle wurde 1998 von der Einwohnergemeinde Berom\u00fcnster anl\u00e4sslich der Gemeindeversammlung bewilligt. Die Schiess-Sportvereine Michelsamt haben die Anlage eingerichtet und ausgestattet. Die Anlage wird sowohl von Gewehr- als auch Pistolensch\u00fctzen benutzt. \u00a0<\/p>\r\n\r\n\r\n\r\n<p>&nbsp;<\/p>\r\n<p><strong>Wer ben\u00fctzt die Anlage<\/strong><\/p>\r\n\r\n\r\n\r\n<p>Damit die Anlage benutzt werden kann, besteht keine Vereinsverpflichtung. JedermannFrau kann zu den vorgegebenen Zeiten entweder probieren oder intensiv dabei sein. Zum probieren stehen sowohl Gewehr- als auch Pistolenger\u00e4te gratis zur Verf\u00fcgung. Bei bescheidenem Eintritt und kosteng\u00fcnstigen Scheiben und Diabolo l\u00e4sst sich die Freizeit ohne grossen finanziellen Einsatz gestalten. \u00a0<\/p>\r\n\r\n\r\n\r\n<p>&nbsp;<\/p>\r\n<p><strong>Offizielle T\u00fcr\u00f6ffnungszeiten<\/strong> ab 15.10.2024 bis 31.03.2025<\/p>\r\n\r\n\r\n\r\n<p>Montag und Freitag 19.00 &#8211; 20.00 Uhr f\u00fcr Gewehr und Pistole (ab 2025 jeweils nur Montag)<\/p>\r\n\r\n\r\n\r\n<p>Dienstag, 18.30 &#8211; 20.00 Uhr ausschliesslich Pistolenwettbewerbe<\/p>\r\n\r\n\r\n\r\n<p>Dienstag, 17.30 &#8211; 18.30 Uhr und Mittwoch sind Jungsch\u00fctzenkurse. Teilnahme ab zehntem Altersjahr m\u00f6glich.<\/p>\r\n\r\n\r\n\r\n<p>Donnerstag steht die Anlage auf Anfrage f\u00fcr Vereine und Gruppen zur Verf\u00fcgung. \u00a0 \u00a0 <strong>\u00a0\u00a0\u00a0\u00a0 <\/strong><\/p>\r\n\r\n\r\n\r\n<p>&nbsp;<\/p>\r\n\r\n\r\n\r\n<p class=\"has-text-color has-vivid-red-color\" style=\"text-align: center;\"><strong>KOMM, SCHAU HEREIN, DANN ERF\u00c4HRST DU MEHR<\/strong><\/p>\r\n","protected":false},"excerpt":{"rendered":"<p>Im Oberstufenschulhaus III in Berom\u00fcnster befindet sich die 10 m Druckluftschiessanlage mit acht elektronischen Scheiben. &nbsp; Was heisst Druckluftschiessanlage Im Gegensatz zu den bekannten Sportger\u00e4ten auf 25\/50 und 300 m wird auf die Distanz 10 m mit Druckluft geschossen. Sowohl &hellip;<\/p>\n<p><a href=\"https:\/\/ssm-beromuenster.ch\/wordpress\/?page_id=108\">Continue Reading<span class=\"meta-nav\">&rarr;<\/span><\/a><\/p>\n","protected":false},"author":1,"featured_media":0,"parent":0,"menu_order":0,"comment_status":"closed","ping_status":"closed","template":"","meta":{"footnotes":""},"class_list":["post-108","page","type-page","status-publish","hentry"],"_links":{"self":[{"href":"https:\/\/ssm-beromuenster.ch\/wordpress\/index.php?rest_route=\/wp\/v2\/pages\/108","targetHints":{"allow":["GET"]}}],"collection":[{"href":"https:\/\/ssm-beromuenster.ch\/wordpress\/index.php?rest_route=\/wp\/v2\/pages"}],"about":[{"href":"https:\/\/ssm-beromuenster.ch\/wordpress\/index.php?rest_route=\/wp\/v2\/types\/page"}],"author":[{"embeddable":true,"href":"https:\/\/ssm-beromuenster.ch\/wordpress\/index.php?rest_route=\/wp\/v2\/users\/1"}],"replies":[{"embeddable":true,"href":"https:\/\/ssm-beromuenster.ch\/wordpress\/index.php?rest_route=%2Fwp%2Fv2%2Fcomments&post=108"}],"version-history":[{"count":8,"href":"https:\/\/ssm-beromuenster.ch\/wordpress\/index.php?rest_route=\/wp\/v2\/pages\/108\/revisions"}],"predecessor-version":[{"id":740,"href":"https:\/\/ssm-beromuenster.ch\/wordpress\/index.php?rest_route=\/wp\/v2\/pages\/108\/revisions\/740"}],"wp:attachment":[{"href":"https:\/\/ssm-beromuenster.ch\/wordpress\/index.php?rest_route=%2Fwp%2Fv2%2Fmedia&parent=108"}],"curies":[{"name":"wp","href":"https:\/\/api.w.org\/{rel}","templated":true}]}}