{"id":12,"date":"2018-12-08T21:13:28","date_gmt":"2018-12-08T21:13:28","guid":{"rendered":"http:\/\/ssm-beromuenster.ch\/wordpress\/?page_id=12"},"modified":"2021-01-22T08:59:38","modified_gmt":"2021-01-22T07:59:38","slug":"kontakt","status":"publish","type":"page","link":"https:\/\/ssm-beromuenster.ch\/wordpress\/?page_id=12","title":{"rendered":"Kontakt"},"content":{"rendered":"\r\n<p>&nbsp;<\/p>\r\n\r\n\r\n\r\n<p style=\"text-align: center;\"><strong>Pr\u00e4sident SSM-Berom\u00fcnster<\/strong><\/p>\r\n\r\n\r\n\r\n<p>&nbsp;<\/p>\r\n\r\n\r\n\r\n<p style=\"text-align: center;\">Walter Gisler<\/p>\r\n\r\n\r\n\r\n<p style=\"text-align: center;\">Oberdorf 38<\/p>\r\n\r\n\r\n\r\n<p style=\"text-align: center;\">6215 Berom\u00fcnster<\/p>\r\n\r\n\r\n\r\n<p style=\"text-align: center;\"><a href=\"mailto:gisler-galliker@bluewin.ch\">Mail<\/a><\/p>\r\n","protected":false},"excerpt":{"rendered":"<p>&nbsp; Pr\u00e4sident SSM-Berom\u00fcnster &nbsp; Walter Gisler Oberdorf 38 6215 Berom\u00fcnster Mail<\/p>\n","protected":false},"author":1,"featured_media":0,"parent":0,"menu_order":0,"comment_status":"closed","ping_status":"closed","template":"","meta":{"footnotes":""},"class_list":["post-12","page","type-page","status-publish","hentry"],"_links":{"self":[{"href":"https:\/\/ssm-beromuenster.ch\/wordpress\/index.php?rest_route=\/wp\/v2\/pages\/12","targetHints":{"allow":["GET"]}}],"collection":[{"href":"https:\/\/ssm-beromuenster.ch\/wordpress\/index.php?rest_route=\/wp\/v2\/pages"}],"about":[{"href":"https:\/\/ssm-beromuenster.ch\/wordpress\/index.php?rest_route=\/wp\/v2\/types\/page"}],"author":[{"embeddable":true,"href":"https:\/\/ssm-beromuenster.ch\/wordpress\/index.php?rest_route=\/wp\/v2\/users\/1"}],"replies":[{"embeddable":true,"href":"https:\/\/ssm-beromuenster.ch\/wordpress\/index.php?rest_route=%2Fwp%2Fv2%2Fcomments&post=12"}],"version-history":[{"count":6,"href":"https:\/\/ssm-beromuenster.ch\/wordpress\/index.php?rest_route=\/wp\/v2\/pages\/12\/revisions"}],"predecessor-version":[{"id":492,"href":"https:\/\/ssm-beromuenster.ch\/wordpress\/index.php?rest_route=\/wp\/v2\/pages\/12\/revisions\/492"}],"wp:attachment":[{"href":"https:\/\/ssm-beromuenster.ch\/wordpress\/index.php?rest_route=%2Fwp%2Fv2%2Fmedia&parent=12"}],"curies":[{"name":"wp","href":"https:\/\/api.w.org\/{rel}","templated":true}]}}