{"id":131,"date":"2019-02-06T18:46:59","date_gmt":"2019-02-06T17:46:59","guid":{"rendered":"http:\/\/ssm-beromuenster.ch\/wordpress\/?page_id=131"},"modified":"2021-10-03T14:54:03","modified_gmt":"2021-10-03T13:54:03","slug":"pistole","status":"publish","type":"page","link":"https:\/\/ssm-beromuenster.ch\/wordpress\/?page_id=131","title":{"rendered":"Pistole"},"content":{"rendered":"\r\n<p>Unsere 10m Luftpistolensch\u00fctzen sind sehr aktiv und nehmen an diversen Schiessanl\u00e4ssen teil. F\u00fcr weitere Ausk\u00fcnfte steht Ihnen unser Pistolenverantwortlicher Herr Sch\u00f6pfer Guido zur Verf\u00fcgung.<\/p>\r\n","protected":false},"excerpt":{"rendered":"<p>Unsere 10m Luftpistolensch\u00fctzen sind sehr aktiv und nehmen an diversen Schiessanl\u00e4ssen teil. F\u00fcr weitere Ausk\u00fcnfte steht Ihnen unser Pistolenverantwortlicher Herr Sch\u00f6pfer Guido zur Verf\u00fcgung.<\/p>\n","protected":false},"author":1,"featured_media":0,"parent":0,"menu_order":0,"comment_status":"closed","ping_status":"closed","template":"","meta":{"footnotes":""},"class_list":["post-131","page","type-page","status-publish","hentry"],"_links":{"self":[{"href":"https:\/\/ssm-beromuenster.ch\/wordpress\/index.php?rest_route=\/wp\/v2\/pages\/131","targetHints":{"allow":["GET"]}}],"collection":[{"href":"https:\/\/ssm-beromuenster.ch\/wordpress\/index.php?rest_route=\/wp\/v2\/pages"}],"about":[{"href":"https:\/\/ssm-beromuenster.ch\/wordpress\/index.php?rest_route=\/wp\/v2\/types\/page"}],"author":[{"embeddable":true,"href":"https:\/\/ssm-beromuenster.ch\/wordpress\/index.php?rest_route=\/wp\/v2\/users\/1"}],"replies":[{"embeddable":true,"href":"https:\/\/ssm-beromuenster.ch\/wordpress\/index.php?rest_route=%2Fwp%2Fv2%2Fcomments&post=131"}],"version-history":[{"count":2,"href":"https:\/\/ssm-beromuenster.ch\/wordpress\/index.php?rest_route=\/wp\/v2\/pages\/131\/revisions"}],"predecessor-version":[{"id":531,"href":"https:\/\/ssm-beromuenster.ch\/wordpress\/index.php?rest_route=\/wp\/v2\/pages\/131\/revisions\/531"}],"wp:attachment":[{"href":"https:\/\/ssm-beromuenster.ch\/wordpress\/index.php?rest_route=%2Fwp%2Fv2%2Fmedia&parent=131"}],"curies":[{"name":"wp","href":"https:\/\/api.w.org\/{rel}","templated":true}]}}