{"id":190,"date":"2019-02-06T19:46:45","date_gmt":"2019-02-06T18:46:45","guid":{"rendered":"http:\/\/ssm-beromuenster.ch\/wordpress\/?page_id=190"},"modified":"2026-03-17T19:04:25","modified_gmt":"2026-03-17T18:04:25","slug":"volksschiessen","status":"publish","type":"page","link":"https:\/\/ssm-beromuenster.ch\/wordpress\/?page_id=190","title":{"rendered":"Volksschiessen"},"content":{"rendered":"\r\n<p class=\"has-medium-font-size\" style=\"text-align: center;\">Wir f\u00fchren jedes Jahr ein Volksschiessen durch. Die Druckluftsportger\u00e4te stehen gratis zur Verf\u00fcgung und es sind kompetente Schiessfachleute zur Seite. Alle Interessierten ab 10 Jahren k\u00f6nnen an diesem Event (mit Gewehr und\/oder Pistole) teilnehmen. Es ist keine Vereinszugeh\u00f6rigkeit notwendig.\u00a0<\/p>\r\n<p>&nbsp;<\/p>\r\n<hr \/>\r\n\r\n\r\n<h3 aria-hidden=\"true\">\u00a0<\/h3>\r\n<h2 class=\"wp-block-spacer\" style=\"height: 100px; text-align: center;\" aria-hidden=\"true\"><strong>Volksschiessen 2026<\/strong><\/h2>\r\n<p style=\"text-align: center;\"><b>Vielen Dank f\u00fcr die Teilnahme an unserem Volksschiessen<\/b><\/p>\r\n<p>&nbsp;<\/p>\r\n<p style=\"text-align: center;\"><strong>Hier die Ranglisten<\/strong><\/p>\r\n<h4 style=\"text-align: center;\"><strong><a href=\"https:\/\/ssm-beromuenster.ch\/wordpress\/wp-content\/uploads\/2026\/03\/Volksschiessen-2026-Pistole-frei.pdf\" target=\"_blank\" rel=\"noopener\">Pistole<\/a><\/strong><\/h4>\r\n<h4 style=\"text-align: center;\"><strong><a href=\"https:\/\/ssm-beromuenster.ch\/wordpress\/wp-content\/uploads\/2026\/03\/Volksschiessen-2026-Gewehr-frei.pdf\" target=\"_blank\" rel=\"noopener\">Gewehr frei<\/a><\/strong><\/h4>\r\n<h4 style=\"text-align: center;\"><strong><a href=\"https:\/\/ssm-beromuenster.ch\/wordpress\/wp-content\/uploads\/2026\/03\/Volksschiessen-2026-Gewehr-aufgelegt.pdf\" target=\"_blank\" rel=\"noopener\">Gewehr aufgelegt<\/a><\/strong><\/h4>\r\n<h4 style=\"text-align: center;\"><strong><a href=\"https:\/\/ssm-beromuenster.ch\/wordpress\/wp-content\/uploads\/2026\/03\/Junioren-Pistole-2026.pdf\" target=\"_blank\" rel=\"noopener\">Junioren Pistolen<\/a><\/strong><\/h4>\r\n<h4 style=\"text-align: center;\"><strong><a href=\"https:\/\/ssm-beromuenster.ch\/wordpress\/wp-content\/uploads\/2026\/03\/Junioren-Gewehr-2026.pdf\" target=\"_blank\" rel=\"noopener\">Junioren Gewehr<\/a><\/strong><\/h4>\r\n<p>&nbsp;<\/p>\r\n<hr \/>\r\n<h1 style=\"text-align: center;\">\u00a0<\/h1>\r\n<p>&nbsp;<\/p>\r\n","protected":false},"excerpt":{"rendered":"<p>Wir f\u00fchren jedes Jahr ein Volksschiessen durch. Die Druckluftsportger\u00e4te stehen gratis zur Verf\u00fcgung und es sind kompetente Schiessfachleute zur Seite. Alle Interessierten ab 10 Jahren k\u00f6nnen an diesem Event (mit Gewehr und\/oder Pistole) teilnehmen. Es ist keine Vereinszugeh\u00f6rigkeit notwendig.\u00a0 &nbsp;<\/p>\n","protected":false},"author":1,"featured_media":0,"parent":0,"menu_order":0,"comment_status":"closed","ping_status":"closed","template":"","meta":{"footnotes":""},"class_list":["post-190","page","type-page","status-publish","hentry"],"_links":{"self":[{"href":"https:\/\/ssm-beromuenster.ch\/wordpress\/index.php?rest_route=\/wp\/v2\/pages\/190","targetHints":{"allow":["GET"]}}],"collection":[{"href":"https:\/\/ssm-beromuenster.ch\/wordpress\/index.php?rest_route=\/wp\/v2\/pages"}],"about":[{"href":"https:\/\/ssm-beromuenster.ch\/wordpress\/index.php?rest_route=\/wp\/v2\/types\/page"}],"author":[{"embeddable":true,"href":"https:\/\/ssm-beromuenster.ch\/wordpress\/index.php?rest_route=\/wp\/v2\/users\/1"}],"replies":[{"embeddable":true,"href":"https:\/\/ssm-beromuenster.ch\/wordpress\/index.php?rest_route=%2Fwp%2Fv2%2Fcomments&post=190"}],"version-history":[{"count":36,"href":"https:\/\/ssm-beromuenster.ch\/wordpress\/index.php?rest_route=\/wp\/v2\/pages\/190\/revisions"}],"predecessor-version":[{"id":803,"href":"https:\/\/ssm-beromuenster.ch\/wordpress\/index.php?rest_route=\/wp\/v2\/pages\/190\/revisions\/803"}],"wp:attachment":[{"href":"https:\/\/ssm-beromuenster.ch\/wordpress\/index.php?rest_route=%2Fwp%2Fv2%2Fmedia&parent=190"}],"curies":[{"name":"wp","href":"https:\/\/api.w.org\/{rel}","templated":true}]}}